{"id":239,"date":"2018-03-29T15:33:10","date_gmt":"2018-03-29T13:33:10","guid":{"rendered":"http:\/\/www.ocenjevanja.pomurski-sejem.si\/?page_id=239"},"modified":"2026-02-02T11:08:41","modified_gmt":"2026-02-02T10:08:41","slug":"internationalen-bewertung-von-saeften-alkoholfreien-getraenken-und-verpackten-wasser","status":"publish","type":"page","link":"https:\/\/www.ocenjevanja.pomurski-sejem.si\/de\/qualitaetsbewertungen\/internationalen-bewertung-von-saeften-alkoholfreien-getraenken-und-verpackten-wasser\/","title":{"rendered":"Internationalen Bewertung von S\u00e4ften, alkoholfreien Getr\u00e4nken und verpackten Wasser"},"content":{"rendered":"<div class=\"standard_wrapper\">\n<div  class=\"two_third withsmallpadding ppb_header \" style=\"text-align:left;padding:30px 0 30px 0;\" >\n<div class=\"page_content_wrapper\">\n<div class=\"inner\">\n<div style=\"width:100%\"><\/div>\n<\/div>\n<\/div>\n<\/div>\n<\/div>\n<div class=\"standard_wrapper\">\n<div  class=\"two_third withsmallpadding ppb_text\" style=\"text-align:left;padding:30px 0 30px 0;\" >\n<div class=\"standard_wrapper\">\n<div class=\"page_content_wrapper\">\n<div class=\"inner\">\n<div style=\"margin:auto;width:100%\">\n<hr>\n<\/div>\n<\/div>\n<\/div>\n<\/div>\n<\/div>\n<\/div>\n<div class=\"standard_wrapper\">\n<div  class=\"two_third withsmallpadding ppb_text\" style=\"text-align:left;padding:30px 0 30px 0;\" >\n<div class=\"standard_wrapper\">\n<div class=\"page_content_wrapper\">\n<div class=\"inner\">\n<div style=\"margin:auto;width:100%\">\n<h4>Objektive Bewertung und Best\u00e4tigung der Qualit\u00e4t Ihrer Produkte.<\/h4>\n<p>Anerkannte heimische und ausl\u00e4ndische Qualit\u00e4tsbewerter garantieren eine objektive Bewertung und Qualit\u00e4tsbescheinigung der Produkte.<\/p>\n<h4>Die Qualit\u00e4tsauszeichnungen<\/h4>\n<p>Medaillen sind ein ausgezeichnetes Instrument der Marktkommunikation. Die grafischen Vorlagen der Medaillen k\u00f6nnen wirkungsvoll auf den Verpackungen eingesetzt werden, sie bringen Vorteile beim Marketing und steigern den Verkauf.<\/p>\n<h4>Holen Sie sich mit ihren Produkten den Titel Champion der Qualit\u00e4t!<\/h4>\n<p>Der Titel \u00bbChampion der Qualit\u00e4t\u00ab ist eine Best\u00e4tigung der Spitzenqualit\u00e4t. Gleichzeitig bedeutet es einen hohen Mehrwert und die Chance auf exklusive Marktauftritte.<\/p>\n<h4>Die Verleihung der Auszeichnungen im Rahmen der Messe AGRA garantiert Ihnen ein hohes Medieninteresse.<\/h4>\n<p>Die internationale Landwirtschafts- und Nahrungsmittelmesse Agra ist eine ausgezeichnete Plattform f\u00fcr die Promotion der preisgekr\u00f6nten Produkte. Die Medaillen werden im Rahmen der Messe vergeben, was Ihrem Unternehmen und Ihren Produkten ein \u00e4u\u00dferst breites Medieninteresse garantiert.<\/p>\n<h4>Die preisgekr\u00f6nten Produkte werden auf der Messe ausgestellt und sind Teil besonderer Promotion-Aktionen der AGRA.<\/h4>\n<h4>Alle Resultate der Qualit\u00e4tsbewertungen werden in einem Sonderkatalog aufgelistet.<\/h4>\n<p>Dieser wird der breiteren \u00d6ffentlichkeit in Printformat und \u00fcber die Webseite der Messe zug\u00e4nglich sein.<\/p>\n<h4>Wichtige Termine der Bewertungen:<\/h4>\n<p><strong>11. Mai:<\/strong> Anmeldefrist f\u00fcr die Muster zur Bewertung<br \/>\n<strong>29. Mai:<\/strong> Zustellungsfrist f\u00fcr die Muster an die Messeadresse, Pomurski sejem, Gornja Radgona<br \/>\n<strong>8. &#8211; 9. Juni:<\/strong> Bewertung der Muster auf der Messe Pomurski sejem, Gornja Radgona<br \/>\n<strong>22. \u2013 26. August:<\/strong> Pr\u00e4sentation der bewerteten Produkte auf der Messe AGRA<br \/>\n<strong>24. August:<\/strong> Tag der Lebensmittelhersteller, feierliche Ver\u00f6ffentlichung der Resultate und Verleihung der Medaillen<\/p>\n<p>\u00a0<\/p>\n<h3><a href=\"https:\/\/www.ocenjevanja.pomurski-sejem.si\/wp-content\/uploads\/sites\/13\/2026\/02\/Anmeldeformular-Fruchtsafte2026.pdf\" target=\"_blank\" rel=\"noopener\">Anmeldung f\u00fcr die Bewertung (PDF)<\/a><\/h3>\n<p>\u00a0<\/p>\n<h3><a href=\"https:\/\/www.ocenjevanja.pomurski-sejem.si\/wp-content\/uploads\/sites\/13\/2019\/03\/Auszug-aus-den-Vorschriften-Getranken-2019.pdf\" target=\"_blank\" rel=\"noopener\">Auszug aus den Vorschriften (PDF)<\/a><\/h3>\n<p>\u00a0<\/p>\n<p><strong>F\u00fcr weitere Informationen stehen Ihnen zur Verf\u00fcgung:<\/strong><br \/>\nLea Vu\u010dko<br \/>\nT: +386 (0)2\/ 5642 112<br \/>\n<a href=\"mailto:lea@pomurski-sejem.si\">lea@pomurski-sejem.si<\/a><\/p>\n<\/div>\n<\/div>\n<\/div>\n<\/div>\n<\/div>\n<\/div>\n","protected":false},"excerpt":{"rendered":"<p>Objektive Bewertung und Best\u00e4tigung der Qualit\u00e4t Ihrer Produkte. Anerkannte heimische und ausl\u00e4ndische Qualit\u00e4tsbewerter garantieren eine objektive Bewertung und Qualit\u00e4tsbescheinigung der Produkte. Die Qualit\u00e4tsauszeichnungen Medaillen sind ein ausgezeichnetes Instrument der Marktkommunikation. Die grafischen Vorlagen der Medaillen k\u00f6nnen wirkungsvoll auf den Verpackungen [&hellip;]<\/p>\n","protected":false},"author":2,"featured_media":393,"parent":727,"menu_order":30,"comment_status":"closed","ping_status":"closed","template":"","meta":{"footnotes":"","_links_to":"","_links_to_target":""},"class_list":["post-239","page","type-page","status-publish","has-post-thumbnail","hentry"],"_links":{"self":[{"href":"https:\/\/www.ocenjevanja.pomurski-sejem.si\/de\/wp-json\/wp\/v2\/pages\/239","targetHints":{"allow":["GET"]}}],"collection":[{"href":"https:\/\/www.ocenjevanja.pomurski-sejem.si\/de\/wp-json\/wp\/v2\/pages"}],"about":[{"href":"https:\/\/www.ocenjevanja.pomurski-sejem.si\/de\/wp-json\/wp\/v2\/types\/page"}],"author":[{"embeddable":true,"href":"https:\/\/www.ocenjevanja.pomurski-sejem.si\/de\/wp-json\/wp\/v2\/users\/2"}],"replies":[{"embeddable":true,"href":"https:\/\/www.ocenjevanja.pomurski-sejem.si\/de\/wp-json\/wp\/v2\/comments?post=239"}],"version-history":[{"count":6,"href":"https:\/\/www.ocenjevanja.pomurski-sejem.si\/de\/wp-json\/wp\/v2\/pages\/239\/revisions"}],"predecessor-version":[{"id":3931,"href":"https:\/\/www.ocenjevanja.pomurski-sejem.si\/de\/wp-json\/wp\/v2\/pages\/239\/revisions\/3931"}],"up":[{"embeddable":true,"href":"https:\/\/www.ocenjevanja.pomurski-sejem.si\/de\/wp-json\/wp\/v2\/pages\/727"}],"wp:featuredmedia":[{"embeddable":true,"href":"https:\/\/www.ocenjevanja.pomurski-sejem.si\/de\/wp-json\/wp\/v2\/media\/393"}],"wp:attachment":[{"href":"https:\/\/www.ocenjevanja.pomurski-sejem.si\/de\/wp-json\/wp\/v2\/media?parent=239"}],"curies":[{"name":"wp","href":"https:\/\/api.w.org\/{rel}","templated":true}]}}